{"id":3526,"date":"2022-10-27T22:17:09","date_gmt":"2022-10-27T19:17:09","guid":{"rendered":"https:\/\/www.turfantarimsal.com\/our-factories\/"},"modified":"2023-07-26T16:38:45","modified_gmt":"2023-07-26T13:38:45","slug":"our-factories","status":"publish","type":"page","link":"https:\/\/www.turfantarimsal.com\/en\/our-factories\/","title":{"rendered":"Our Factories"},"content":{"rendered":"\t\t<div data-elementor-type=\"wp-page\" data-elementor-id=\"3526\" class=\"elementor elementor-3526 elementor-2538\" data-elementor-post-type=\"page\">\n\t\t\t\t\t\t<div class=\"elementor-section elementor-top-section elementor-element elementor-element-05da294 elementor-section-stretched elementor-section-boxed elementor-section-height-default elementor-section-height-default\" data-id=\"05da294\" data-element_type=\"section\" data-settings=\"{&quot;stretch_section&quot;:&quot;section-stretched&quot;}\">\n\t\t\t\t\t\t<div class=\"elementor-container elementor-column-gap-no\">\n\t\t\t\t\t<div class=\"elementor-column elementor-col-100 elementor-top-column elementor-element elementor-element-f2835da\" data-id=\"f2835da\" data-element_type=\"column\">\n\t\t\t<div class=\"elementor-widget-wrap elementor-element-populated\">\n\t\t\t\t\t\t<div class=\"elementor-section elementor-inner-section elementor-element elementor-element-0351af5 elementor-section-full_width elementor-section-height-default elementor-section-height-default\" data-id=\"0351af5\" data-element_type=\"section\">\n\t\t\t\t\t\t<div class=\"elementor-container elementor-column-gap-no\">\n\t\t\t\t\t<div class=\"elementor-column elementor-col-33 elementor-inner-column elementor-element elementor-element-12748a9\" data-id=\"12748a9\" data-element_type=\"column\">\n\t\t\t<div class=\"elementor-widget-wrap elementor-element-populated\">\n\t\t\t\t\t\t<div class=\"elementor-element elementor-element-0fe1063 elementor-widget-mobile__width-auto elementor-position-top elementor-widget elementor-widget-image-box\" data-id=\"0fe1063\" data-element_type=\"widget\" data-widget_type=\"image-box.default\">\n\t\t\t\t<div class=\"elementor-widget-container\">\n\t\t\t<style>\/*! elementor - v3.23.0 - 05-08-2024 *\/\n.elementor-widget-image-box .elementor-image-box-content{width:100%}@media (min-width:768px){.elementor-widget-image-box.elementor-position-left .elementor-image-box-wrapper,.elementor-widget-image-box.elementor-position-right .elementor-image-box-wrapper{display:flex}.elementor-widget-image-box.elementor-position-right .elementor-image-box-wrapper{text-align:end;flex-direction:row-reverse}.elementor-widget-image-box.elementor-position-left .elementor-image-box-wrapper{text-align:start;flex-direction:row}.elementor-widget-image-box.elementor-position-top .elementor-image-box-img{margin:auto}.elementor-widget-image-box.elementor-vertical-align-top .elementor-image-box-wrapper{align-items:flex-start}.elementor-widget-image-box.elementor-vertical-align-middle .elementor-image-box-wrapper{align-items:center}.elementor-widget-image-box.elementor-vertical-align-bottom .elementor-image-box-wrapper{align-items:flex-end}}@media (max-width:767px){.elementor-widget-image-box .elementor-image-box-img{margin-left:auto!important;margin-right:auto!important;margin-bottom:15px}}.elementor-widget-image-box .elementor-image-box-img{display:inline-block}.elementor-widget-image-box .elementor-image-box-title a{color:inherit}.elementor-widget-image-box .elementor-image-box-wrapper{text-align:center}.elementor-widget-image-box .elementor-image-box-description{margin:0}<\/style><div class=\"elementor-image-box-wrapper\"><figure class=\"elementor-image-box-img\"><a href=\"https:\/\/www.turfantarimsal.com\/en\/our-factories\/frozen-potato-factory\/\" tabindex=\"-1\"><img fetchpriority=\"high\" decoding=\"async\" width=\"1920\" height=\"1080\" src=\"https:\/\/www.turfantarimsal.com\/wp-content\/uploads\/2022\/11\/turfan-tarimsal-uretim-ve-pazarlama-anonim-sirketi-bolu-ili-dondurulmus-patates-fabrikasi.jpg\" class=\"elementor-animation-float attachment-full size-full wp-image-2821\" alt=\"TURFAN TARIMSAL \u00dcRET\u0130M VE PAZARLAMA ANON\u0130M \u015e\u0130RKET\u0130 BOLU \u0130L\u0130 DONDURULMU\u015e PATATES FABR\u0130KASI\" srcset=\"https:\/\/www.turfantarimsal.com\/wp-content\/uploads\/2022\/11\/turfan-tarimsal-uretim-ve-pazarlama-anonim-sirketi-bolu-ili-dondurulmus-patates-fabrikasi.jpg 1920w, https:\/\/www.turfantarimsal.com\/wp-content\/uploads\/2022\/11\/turfan-tarimsal-uretim-ve-pazarlama-anonim-sirketi-bolu-ili-dondurulmus-patates-fabrikasi-300x169.jpg 300w, https:\/\/www.turfantarimsal.com\/wp-content\/uploads\/2022\/11\/turfan-tarimsal-uretim-ve-pazarlama-anonim-sirketi-bolu-ili-dondurulmus-patates-fabrikasi-1024x576.jpg 1024w, https:\/\/www.turfantarimsal.com\/wp-content\/uploads\/2022\/11\/turfan-tarimsal-uretim-ve-pazarlama-anonim-sirketi-bolu-ili-dondurulmus-patates-fabrikasi-768x432.jpg 768w, https:\/\/www.turfantarimsal.com\/wp-content\/uploads\/2022\/11\/turfan-tarimsal-uretim-ve-pazarlama-anonim-sirketi-bolu-ili-dondurulmus-patates-fabrikasi-1536x864.jpg 1536w, https:\/\/www.turfantarimsal.com\/wp-content\/uploads\/2022\/11\/turfan-tarimsal-uretim-ve-pazarlama-anonim-sirketi-bolu-ili-dondurulmus-patates-fabrikasi-800x450.jpg 800w\" sizes=\"(max-width: 1920px) 100vw, 1920px\" \/><\/a><\/figure><div class=\"elementor-image-box-content\"><h3 class=\"elementor-image-box-title\"><a href=\"https:\/\/www.turfantarimsal.com\/en\/our-factories\/frozen-potato-factory\/\">Frozen Potato Factory<\/a><\/h3><p class=\"elementor-image-box-description\">Turfan Tar\u0131msal produces frozen potatoes in various sizes and cuts for restaurant chains and retailers under the Golden Fries brand.<\/p><\/div><\/div>\t\t<\/div>\n\t\t\t\t<\/div>\n\t\t\t\t<div class=\"elementor-element elementor-element-bcc48b4 elementor-button-underline elementor-align-center icon-effect-yes elementor-widget elementor-widget-button\" data-id=\"bcc48b4\" data-element_type=\"widget\" data-widget_type=\"button.default\">\n\t\t\t\t<div class=\"elementor-widget-container\">\n\t\t\t\t\t<div class=\"elementor-button-wrapper\">\n\t\t\t<a class=\"elementor-button elementor-button-link elementor-size-sm\" href=\"https:\/\/www.turfantarimsal.com\/en\/our-factories\/frozen-potato-factory\/\">\n\t\t\t\t\t\t<span class=\"elementor-button-content-wrapper\">\n\t\t\t\t\t\t<span class=\"elementor-button-icon\">\n\t\t\t\t<svg aria-hidden=\"true\" class=\"e-font-icon-svg e-fas-angle-double-right\" viewBox=\"0 0 448 512\" xmlns=\"http:\/\/www.w3.org\/2000\/svg\"><path d=\"M224.3 273l-136 136c-9.4 9.4-24.6 9.4-33.9 0l-22.6-22.6c-9.4-9.4-9.4-24.6 0-33.9l96.4-96.4-96.4-96.4c-9.4-9.4-9.4-24.6 0-33.9L54.3 103c9.4-9.4 24.6-9.4 33.9 0l136 136c9.5 9.4 9.5 24.6.1 34zm192-34l-136-136c-9.4-9.4-24.6-9.4-33.9 0l-22.6 22.6c-9.4 9.4-9.4 24.6 0 33.9l96.4 96.4-96.4 96.4c-9.4 9.4-9.4 24.6 0 33.9l22.6 22.6c9.4 9.4 24.6 9.4 33.9 0l136-136c9.4-9.2 9.4-24.4 0-33.8z\"><\/path><\/svg>\t\t\t<\/span>\n\t\t\t\t\t\t\t\t\t<span class=\"elementor-button-text\">View<\/span>\n\t\t\t\t\t<\/span>\n\t\t\t\t\t<\/a>\n\t\t<\/div>\n\t\t\t\t<\/div>\n\t\t\t\t<\/div>\n\t\t\t\t\t<\/div>\n\t\t<\/div>\n\t\t\t\t<div class=\"elementor-column elementor-col-33 elementor-inner-column elementor-element elementor-element-1837175\" data-id=\"1837175\" data-element_type=\"column\">\n\t\t\t<div class=\"elementor-widget-wrap elementor-element-populated\">\n\t\t\t\t\t\t<div class=\"elementor-element elementor-element-d6b73ce elementor-widget-mobile__width-auto elementor-position-top elementor-widget elementor-widget-image-box\" data-id=\"d6b73ce\" data-element_type=\"widget\" data-widget_type=\"image-box.default\">\n\t\t\t\t<div class=\"elementor-widget-container\">\n\t\t\t<div class=\"elementor-image-box-wrapper\"><figure class=\"elementor-image-box-img\"><a href=\"https:\/\/www.turfantarimsal.com\/en\/our-factories\/cheese-factory\/\" tabindex=\"-1\"><img decoding=\"async\" width=\"1920\" height=\"1080\" src=\"https:\/\/www.turfantarimsal.com\/wp-content\/uploads\/2022\/11\/turfan-tarimsal-uretim-ve-pazarlama-anonim-sirketi-balikesir-ili-peynir-fabrikasi.jpg\" class=\"elementor-animation-float attachment-full size-full wp-image-2827\" alt=\"TURFAN TARIMSAL \u00dcRET\u0130M VE PAZARLAMA ANON\u0130M \u015e\u0130RKET\u0130 BALIKES\u0130R \u0130L\u0130 PEYN\u0130R FABR\u0130KASI\" srcset=\"https:\/\/www.turfantarimsal.com\/wp-content\/uploads\/2022\/11\/turfan-tarimsal-uretim-ve-pazarlama-anonim-sirketi-balikesir-ili-peynir-fabrikasi.jpg 1920w, https:\/\/www.turfantarimsal.com\/wp-content\/uploads\/2022\/11\/turfan-tarimsal-uretim-ve-pazarlama-anonim-sirketi-balikesir-ili-peynir-fabrikasi-300x169.jpg 300w, https:\/\/www.turfantarimsal.com\/wp-content\/uploads\/2022\/11\/turfan-tarimsal-uretim-ve-pazarlama-anonim-sirketi-balikesir-ili-peynir-fabrikasi-1024x576.jpg 1024w, https:\/\/www.turfantarimsal.com\/wp-content\/uploads\/2022\/11\/turfan-tarimsal-uretim-ve-pazarlama-anonim-sirketi-balikesir-ili-peynir-fabrikasi-768x432.jpg 768w, https:\/\/www.turfantarimsal.com\/wp-content\/uploads\/2022\/11\/turfan-tarimsal-uretim-ve-pazarlama-anonim-sirketi-balikesir-ili-peynir-fabrikasi-1536x864.jpg 1536w, https:\/\/www.turfantarimsal.com\/wp-content\/uploads\/2022\/11\/turfan-tarimsal-uretim-ve-pazarlama-anonim-sirketi-balikesir-ili-peynir-fabrikasi-800x450.jpg 800w\" sizes=\"(max-width: 1920px) 100vw, 1920px\" \/><\/a><\/figure><div class=\"elementor-image-box-content\"><h3 class=\"elementor-image-box-title\"><a href=\"https:\/\/www.turfantarimsal.com\/en\/our-factories\/cheese-factory\/\">Regional Cheese Factory<\/a><\/h3><p class=\"elementor-image-box-description\">Our factory is located in Bal\u0131kesir Organized Industrial Zone. There is a total closed area of \u200b\u200b4,000 square meters with manufacturing and administrative offices located on a land of 15,718 square meters. <\/p><\/div><\/div>\t\t<\/div>\n\t\t\t\t<\/div>\n\t\t\t\t<div class=\"elementor-element elementor-element-0a3aeb8 elementor-button-underline elementor-align-center icon-effect-yes elementor-widget elementor-widget-button\" data-id=\"0a3aeb8\" data-element_type=\"widget\" data-widget_type=\"button.default\">\n\t\t\t\t<div class=\"elementor-widget-container\">\n\t\t\t\t\t<div class=\"elementor-button-wrapper\">\n\t\t\t<a class=\"elementor-button elementor-button-link elementor-size-sm\" href=\"https:\/\/www.turfantarimsal.com\/en\/our-factories\/cheese-factory\/\">\n\t\t\t\t\t\t<span class=\"elementor-button-content-wrapper\">\n\t\t\t\t\t\t<span class=\"elementor-button-icon\">\n\t\t\t\t<svg aria-hidden=\"true\" class=\"e-font-icon-svg e-fas-angle-double-right\" viewBox=\"0 0 448 512\" xmlns=\"http:\/\/www.w3.org\/2000\/svg\"><path d=\"M224.3 273l-136 136c-9.4 9.4-24.6 9.4-33.9 0l-22.6-22.6c-9.4-9.4-9.4-24.6 0-33.9l96.4-96.4-96.4-96.4c-9.4-9.4-9.4-24.6 0-33.9L54.3 103c9.4-9.4 24.6-9.4 33.9 0l136 136c9.5 9.4 9.5 24.6.1 34zm192-34l-136-136c-9.4-9.4-24.6-9.4-33.9 0l-22.6 22.6c-9.4 9.4-9.4 24.6 0 33.9l96.4 96.4-96.4 96.4c-9.4 9.4-9.4 24.6 0 33.9l22.6 22.6c9.4 9.4 24.6 9.4 33.9 0l136-136c9.4-9.2 9.4-24.4 0-33.8z\"><\/path><\/svg>\t\t\t<\/span>\n\t\t\t\t\t\t\t\t\t<span class=\"elementor-button-text\">View<\/span>\n\t\t\t\t\t<\/span>\n\t\t\t\t\t<\/a>\n\t\t<\/div>\n\t\t\t\t<\/div>\n\t\t\t\t<\/div>\n\t\t\t\t\t<\/div>\n\t\t<\/div>\n\t\t\t\t<div class=\"elementor-column elementor-col-33 elementor-inner-column elementor-element elementor-element-25c63bf\" data-id=\"25c63bf\" data-element_type=\"column\">\n\t\t\t<div class=\"elementor-widget-wrap elementor-element-populated\">\n\t\t\t\t\t\t<div class=\"elementor-element elementor-element-0218465 elementor-widget-mobile__width-auto elementor-position-top elementor-widget elementor-widget-image-box\" data-id=\"0218465\" data-element_type=\"widget\" data-widget_type=\"image-box.default\">\n\t\t\t\t<div class=\"elementor-widget-container\">\n\t\t\t<div class=\"elementor-image-box-wrapper\"><figure class=\"elementor-image-box-img\"><img decoding=\"async\" width=\"1920\" height=\"1080\" src=\"https:\/\/www.turfantarimsal.com\/wp-content\/uploads\/2022\/11\/yakinda.jpg\" class=\"elementor-animation-float attachment-full size-full wp-image-2831\" alt=\"\" srcset=\"https:\/\/www.turfantarimsal.com\/wp-content\/uploads\/2022\/11\/yakinda.jpg 1920w, https:\/\/www.turfantarimsal.com\/wp-content\/uploads\/2022\/11\/yakinda-300x169.jpg 300w, https:\/\/www.turfantarimsal.com\/wp-content\/uploads\/2022\/11\/yakinda-1024x576.jpg 1024w, https:\/\/www.turfantarimsal.com\/wp-content\/uploads\/2022\/11\/yakinda-768x432.jpg 768w, https:\/\/www.turfantarimsal.com\/wp-content\/uploads\/2022\/11\/yakinda-1536x864.jpg 1536w, https:\/\/www.turfantarimsal.com\/wp-content\/uploads\/2022\/11\/yakinda-800x450.jpg 800w\" sizes=\"(max-width: 1920px) 100vw, 1920px\" \/><\/figure><div class=\"elementor-image-box-content\"><h3 class=\"elementor-image-box-title\">Factory 3 - Coming Soon<\/h3><\/div><\/div>\t\t<\/div>\n\t\t\t\t<\/div>\n\t\t\t\t\t<\/div>\n\t\t<\/div>\n\t\t\t\t\t<\/div>\n\t\t<\/div>\n\t\t\t\t\t<\/div>\n\t\t<\/div>\n\t\t\t\t\t<\/div>\n\t\t<\/div>\n\t\t\t\t<\/div>\n\t\t","protected":false},"excerpt":{"rendered":"<p>Frozen Potato Factory Turfan Tar\u0131msal produces frozen potatoes in various sizes and cuts for restaurant chains and retailers under the Golden Fries brand. View Regional Cheese Factory Our factory is located in Bal\u0131kesir Organized Industrial Zone. There is a total closed area of \u200b\u200b4,000 square meters with manufacturing and administrative offices located on a land [&hellip;]<\/p>\n","protected":false},"author":1,"featured_media":0,"parent":0,"menu_order":0,"comment_status":"closed","ping_status":"closed","template":"","meta":{"footnotes":""},"class_list":["post-3526","page","type-page","status-publish","hentry"],"_links":{"self":[{"href":"https:\/\/www.turfantarimsal.com\/en\/wp-json\/wp\/v2\/pages\/3526","targetHints":{"allow":["GET"]}}],"collection":[{"href":"https:\/\/www.turfantarimsal.com\/en\/wp-json\/wp\/v2\/pages"}],"about":[{"href":"https:\/\/www.turfantarimsal.com\/en\/wp-json\/wp\/v2\/types\/page"}],"author":[{"embeddable":true,"href":"https:\/\/www.turfantarimsal.com\/en\/wp-json\/wp\/v2\/users\/1"}],"replies":[{"embeddable":true,"href":"https:\/\/www.turfantarimsal.com\/en\/wp-json\/wp\/v2\/comments?post=3526"}],"version-history":[{"count":4,"href":"https:\/\/www.turfantarimsal.com\/en\/wp-json\/wp\/v2\/pages\/3526\/revisions"}],"predecessor-version":[{"id":3543,"href":"https:\/\/www.turfantarimsal.com\/en\/wp-json\/wp\/v2\/pages\/3526\/revisions\/3543"}],"wp:attachment":[{"href":"https:\/\/www.turfantarimsal.com\/en\/wp-json\/wp\/v2\/media?parent=3526"}],"curies":[{"name":"wp","href":"https:\/\/api.w.org\/{rel}","templated":true}]}}