{"id":3528,"date":"2022-10-27T22:22:04","date_gmt":"2022-10-27T19:22:04","guid":{"rendered":"https:\/\/www.turfantarimsal.com\/information-civil-services\/"},"modified":"2023-07-26T16:35:00","modified_gmt":"2023-07-26T13:35:00","slug":"information-civil-services","status":"publish","type":"page","link":"https:\/\/www.turfantarimsal.com\/en\/information-civil-services\/","title":{"rendered":"Information Civil Services"},"content":{"rendered":"\t\t<div data-elementor-type=\"wp-page\" data-elementor-id=\"3528\" class=\"elementor elementor-3528 elementor-2553\" data-elementor-post-type=\"page\">\n\t\t\t\t\t\t<section class=\"elementor-section elementor-top-section elementor-element elementor-element-2095609 elementor-section-boxed elementor-section-height-default elementor-section-height-default\" data-id=\"2095609\" data-element_type=\"section\">\n\t\t\t\t\t\t<div class=\"elementor-container elementor-column-gap-default\">\n\t\t\t\t\t<div class=\"elementor-column elementor-col-100 elementor-top-column elementor-element elementor-element-e82b30d\" data-id=\"e82b30d\" data-element_type=\"column\">\n\t\t\t<div class=\"elementor-widget-wrap elementor-element-populated\">\n\t\t\t\t\t\t<div class=\"elementor-element elementor-element-c3f2641 elementor-widget elementor-widget-text-editor\" data-id=\"c3f2641\" data-element_type=\"widget\" data-widget_type=\"text-editor.default\">\n\t\t\t\t<div class=\"elementor-widget-container\">\n\t\t\t<style>\/*! elementor - v3.23.0 - 05-08-2024 *\/\n.elementor-widget-text-editor.elementor-drop-cap-view-stacked .elementor-drop-cap{background-color:#69727d;color:#fff}.elementor-widget-text-editor.elementor-drop-cap-view-framed .elementor-drop-cap{color:#69727d;border:3px solid;background-color:transparent}.elementor-widget-text-editor:not(.elementor-drop-cap-view-default) .elementor-drop-cap{margin-top:8px}.elementor-widget-text-editor:not(.elementor-drop-cap-view-default) .elementor-drop-cap-letter{width:1em;height:1em}.elementor-widget-text-editor .elementor-drop-cap{float:left;text-align:center;line-height:1;font-size:50px}.elementor-widget-text-editor .elementor-drop-cap-letter{display:inline-block}<\/style>\t\t\t\t<table class=\"table table-striped\"><tbody><tr><td>Company Type<\/td><td>: Incorporated<\/td><\/tr><tr><td>Mersis No<\/td><td>: 0869-0903-2070-0001<\/td><\/tr><tr><td>Trade Registry Office<\/td><td>: ANKARA CHAMBER OF COMMERCE<\/td><\/tr><tr><td>Trade Registry Number<\/td><td>: 442453<\/td><\/tr><tr><td>Trade Name<\/td><td>: TURFAN TARIMSAL \u00dcRET\u0130M VE PAZARLAMA ANON\u0130M \u015e\u0130RKET\u0130<\/td><\/tr><tr><td>Sector:<\/td><td>: FROZEN POTATO<\/td><\/tr><tr><td>Address<\/td><td>: DUMLUPINAR BULVARI 2700. CADDE ARP KULE \u0130\u015e MERKEZ\u0130 NO:3\/34 ANKARA \/ TURKEY<\/td><\/tr><tr><td>Telephone<\/td><td>:<\/td><\/tr><tr><td>Fax<\/td><td>:<\/td><\/tr><tr><td>Web Site<\/td><td>: www.turfantarimsal.com<\/td><\/tr><tr><td>Committed Capital<\/td><td>: 14.000.000 TL<\/td><\/tr><tr><td>Paid-in Capital<\/td><td>: 14.000.000 TL<\/td><\/tr><\/tbody><\/table>\t\t\t\t\t\t<\/div>\n\t\t\t\t<\/div>\n\t\t\t\t\t<\/div>\n\t\t<\/div>\n\t\t\t\t\t<\/div>\n\t\t<\/section>\n\t\t\t\t<\/div>\n\t\t","protected":false},"excerpt":{"rendered":"<p>Company Type : Incorporated Mersis No : 0869-0903-2070-0001 Trade Registry Office : ANKARA CHAMBER OF COMMERCE Trade Registry Number : 442453 Trade Name : TURFAN TARIMSAL \u00dcRET\u0130M VE PAZARLAMA ANON\u0130M \u015e\u0130RKET\u0130 Sector: : FROZEN POTATO Address : DUMLUPINAR BULVARI 2700. CADDE ARP KULE \u0130\u015e MERKEZ\u0130 NO:3\/34 ANKARA \/ TURKEY Telephone : Fax : Web Site [&hellip;]<\/p>\n","protected":false},"author":1,"featured_media":0,"parent":0,"menu_order":0,"comment_status":"closed","ping_status":"closed","template":"","meta":{"footnotes":""},"class_list":["post-3528","page","type-page","status-publish","hentry"],"_links":{"self":[{"href":"https:\/\/www.turfantarimsal.com\/en\/wp-json\/wp\/v2\/pages\/3528","targetHints":{"allow":["GET"]}}],"collection":[{"href":"https:\/\/www.turfantarimsal.com\/en\/wp-json\/wp\/v2\/pages"}],"about":[{"href":"https:\/\/www.turfantarimsal.com\/en\/wp-json\/wp\/v2\/types\/page"}],"author":[{"embeddable":true,"href":"https:\/\/www.turfantarimsal.com\/en\/wp-json\/wp\/v2\/users\/1"}],"replies":[{"embeddable":true,"href":"https:\/\/www.turfantarimsal.com\/en\/wp-json\/wp\/v2\/comments?post=3528"}],"version-history":[{"count":4,"href":"https:\/\/www.turfantarimsal.com\/en\/wp-json\/wp\/v2\/pages\/3528\/revisions"}],"predecessor-version":[{"id":3534,"href":"https:\/\/www.turfantarimsal.com\/en\/wp-json\/wp\/v2\/pages\/3528\/revisions\/3534"}],"wp:attachment":[{"href":"https:\/\/www.turfantarimsal.com\/en\/wp-json\/wp\/v2\/media?parent=3528"}],"curies":[{"name":"wp","href":"https:\/\/api.w.org\/{rel}","templated":true}]}}